{"id":46,"date":"2023-08-07T16:03:42","date_gmt":"2023-08-07T16:03:42","guid":{"rendered":"https:\/\/reissingbeads.de\/?page_id=46"},"modified":"2024-08-03T09:34:29","modified_gmt":"2024-08-03T09:34:29","slug":"impressum","status":"publish","type":"page","link":"https:\/\/reissingbeads.de\/?page_id=46","title":{"rendered":"Impressum"},"content":{"rendered":"\n<figure class=\"wp-block-image size-full is-resized\"><a href=\"?home\"><img loading=\"lazy\" decoding=\"async\" width=\"256\" height=\"256\" src=\"https:\/\/reissingbeads.de\/wp-content\/uploads\/2023\/08\/Left-Arrow-256.png\" alt=\"\" class=\"wp-image-63\" style=\"width:45px;height:45px\" srcset=\"https:\/\/reissingbeads.de\/wp-content\/uploads\/2023\/08\/Left-Arrow-256.png 256w, https:\/\/reissingbeads.de\/wp-content\/uploads\/2023\/08\/Left-Arrow-256-150x150.png 150w\" sizes=\"auto, (max-width: 256px) 100vw, 256px\" \/><\/a><\/figure>\n\n\n\n<p>Impressum:<\/p>\n\n\n\n<p>Simone Rei\u00dfing-Szab\u00f3<br>Schrambergerstr. 38<br>71034 B\u00f6blingen<\/p>\n\n\n\n<p><\/p>\n\n\n\n<p>Kontakt:<\/p>\n\n\n\n\n<p>E-Mail: <a href=\"mailto:info@reissingbeads.de\">info@reissingbeads.de<\/a><\/p>\n\n\n\n\n<p><\/p>\n\n\n\n<p>Verbraucherstreitbeilegung\/Universalschlichtungsstelle:<\/p>\n\n\n\n<p>Wir sind nicht bereit oder verpflichtet, an Streitbeilegungsverfahren vor einer<br>Verbraucherschlichtungsstelle teilzunehmen.<\/p>\n\n\n\n<p>Quelle: https:\/\/www.e-recht24.de<\/p>\n","protected":false},"excerpt":{"rendered":"<p>Impressum: Simone Rei\u00dfing-Szab\u00f3Schrambergerstr. 3871034 B\u00f6blingen Kontakt: E-Mail: info@reissingbeads.de Verbraucherstreitbeilegung\/Universalschlichtungsstelle: Wir sind nicht bereit oder verpflichtet, an Streitbeilegungsverfahren vor einerVerbraucherschlichtungsstelle teilzunehmen. Quelle: https:\/\/www.e-recht24.de<\/p>\n","protected":false},"author":1,"featured_media":0,"parent":0,"menu_order":0,"comment_status":"closed","ping_status":"closed","template":"","meta":{"pgc_sgb_lightbox_settings":"","footnotes":""},"class_list":["post-46","page","type-page","status-publish","hentry"],"_links":{"self":[{"href":"https:\/\/reissingbeads.de\/index.php?rest_route=\/wp\/v2\/pages\/46","targetHints":{"allow":["GET"]}}],"collection":[{"href":"https:\/\/reissingbeads.de\/index.php?rest_route=\/wp\/v2\/pages"}],"about":[{"href":"https:\/\/reissingbeads.de\/index.php?rest_route=\/wp\/v2\/types\/page"}],"author":[{"embeddable":true,"href":"https:\/\/reissingbeads.de\/index.php?rest_route=\/wp\/v2\/users\/1"}],"replies":[{"embeddable":true,"href":"https:\/\/reissingbeads.de\/index.php?rest_route=%2Fwp%2Fv2%2Fcomments&post=46"}],"version-history":[{"count":9,"href":"https:\/\/reissingbeads.de\/index.php?rest_route=\/wp\/v2\/pages\/46\/revisions"}],"predecessor-version":[{"id":128,"href":"https:\/\/reissingbeads.de\/index.php?rest_route=\/wp\/v2\/pages\/46\/revisions\/128"}],"wp:attachment":[{"href":"https:\/\/reissingbeads.de\/index.php?rest_route=%2Fwp%2Fv2%2Fmedia&parent=46"}],"curies":[{"name":"wp","href":"https:\/\/api.w.org\/{rel}","templated":true}]}}