{"id":60,"date":"2023-08-07T16:09:12","date_gmt":"2023-08-07T16:09:12","guid":{"rendered":"https:\/\/reissingbeads.de\/?page_id=60"},"modified":"2024-08-11T06:31:30","modified_gmt":"2024-08-11T06:31:30","slug":"wie-ich-zum-perlenmachen-kam","status":"publish","type":"page","link":"https:\/\/reissingbeads.de\/?page_id=60","title":{"rendered":"\u00dcber mich"},"content":{"rendered":"\n<figure class=\"wp-block-image size-full is-resized\"><a href=\"?home\"><img loading=\"lazy\" decoding=\"async\" width=\"256\" height=\"256\" src=\"https:\/\/reissingbeads.de\/wp-content\/uploads\/2023\/08\/Left-Arrow-256.png\" alt=\"\" class=\"wp-image-63\" style=\"width:45px;height:45px\" srcset=\"https:\/\/reissingbeads.de\/wp-content\/uploads\/2023\/08\/Left-Arrow-256.png 256w, https:\/\/reissingbeads.de\/wp-content\/uploads\/2023\/08\/Left-Arrow-256-150x150.png 150w\" sizes=\"auto, (max-width: 256px) 100vw, 256px\" \/><\/a><\/figure>\n\n\n\n<p><\/p>\n\n\n\n<div class=\"wp-block-columns is-layout-flex wp-container-core-columns-is-layout-28f84493 wp-block-columns-is-layout-flex\">\n<div class=\"wp-block-column is-layout-flow wp-block-column-is-layout-flow\" style=\"flex-basis:66.66%\">\n<p>Hallo, herzlich willkommen bei REISSINGBEADS<\/p>\n\n\n\n<p class=\"has-text-align-left\">Hinter diesem Name stecke ich, Simone Rei\u00dfing-Szab\u00f3.<\/p>\n\n\n\n<p>Seit 3 Jahren widme ich mich mit Begeisterung dem Glasperlen-Drehen. Ich bin fasziniert von den vielen funkelnden Farben und M\u00f6glichkeiten, die mir dieses Kunsthandwerk bietet und jedes Mal auf\u2019s Neue gespannt, wenn ich eine Perle aus dem Abk\u00fchlofen nehme. Mit den fertigen Glasperlen lasse ich meiner Kreativit\u00e4t freien Lauf beim Gestalten von einzigartigen Schmuckst\u00fccken. Viel Spa\u00df beim Entdecken!<\/p>\n<\/div>\n\n\n\n<div class=\"wp-block-column is-layout-flow wp-block-column-is-layout-flow\" style=\"flex-basis:33.33%\">\n<figure class=\"wp-block-image alignright size-full\"><img loading=\"lazy\" decoding=\"async\" width=\"423\" height=\"564\" src=\"http:\/\/reissingbeads.de\/wp-content\/uploads\/2023\/08\/gh.jpg\" alt=\"\" class=\"wp-image-89\" srcset=\"https:\/\/reissingbeads.de\/wp-content\/uploads\/2023\/08\/gh.jpg 423w, https:\/\/reissingbeads.de\/wp-content\/uploads\/2023\/08\/gh-225x300.jpg 225w\" sizes=\"auto, (max-width: 423px) 100vw, 423px\" \/><\/figure>\n<\/div>\n<\/div>\n\n\n\n<div class=\"wp-block-columns is-layout-flex wp-container-core-columns-is-layout-28f84493 wp-block-columns-is-layout-flex\">\n<div class=\"wp-block-column is-layout-flow wp-block-column-is-layout-flow\" style=\"flex-basis:33.33%\">\n<figure class=\"wp-block-image size-full\"><img loading=\"lazy\" decoding=\"async\" width=\"519\" height=\"470\" src=\"http:\/\/reissingbeads.de\/wp-content\/uploads\/2023\/08\/gfj.jpg\" alt=\"\" class=\"wp-image-88\" srcset=\"https:\/\/reissingbeads.de\/wp-content\/uploads\/2023\/08\/gfj.jpg 519w, https:\/\/reissingbeads.de\/wp-content\/uploads\/2023\/08\/gfj-300x272.jpg 300w, https:\/\/reissingbeads.de\/wp-content\/uploads\/2023\/08\/gfj-0x100.jpg 110w\" sizes=\"auto, (max-width: 519px) 100vw, 519px\" \/><\/figure>\n<\/div>\n\n\n\n<div class=\"wp-block-column is-layout-flow wp-block-column-is-layout-flow\" style=\"flex-basis:66.66%\">\n<p>Im Herbst 2021 besuchte ich auf der Insel Reichenau bei Petra und Victor Maurer von VIVAS-Perlen meinen ersten Perlen-Kurs. Auf ihr Atelier war ich durch Zufall bei diversen Internetrecherchen gesto\u00dfen. Seither l\u00e4sst mich das Perlen machen nicht mehr los und ich erweitere meine Techniken Schritt f\u00fcr Schritt, sodass sich immer neue M\u00f6glichkeiten der Gestaltung ergeben. Leider musste VIVAS-Perlen zu Beginn des Jahre 2023 schlie\u00dfen, doch nun begleiten die beiden meine Entwicklung als Perlenmacherin durch ihre Werkzeuge, Perlenformen und motivierenden Tipps. <\/p>\n<\/div>\n<\/div>\n","protected":false},"excerpt":{"rendered":"<p>Hallo, herzlich willkommen bei REISSINGBEADS Hinter diesem Name stecke ich, Simone Rei\u00dfing-Szab\u00f3. Seit 3 Jahren widme ich mich mit Begeisterung dem Glasperlen-Drehen. Ich bin fasziniert von den vielen funkelnden Farben und M\u00f6glichkeiten, die mir dieses Kunsthandwerk bietet und jedes Mal auf\u2019s Neue gespannt, wenn ich eine Perle aus dem Abk\u00fchlofen nehme. Mit den fertigen Glasperlen [&hellip;]<\/p>\n","protected":false},"author":1,"featured_media":0,"parent":0,"menu_order":0,"comment_status":"closed","ping_status":"closed","template":"","meta":{"pgc_sgb_lightbox_settings":"","footnotes":""},"class_list":["post-60","page","type-page","status-publish","hentry"],"_links":{"self":[{"href":"https:\/\/reissingbeads.de\/index.php?rest_route=\/wp\/v2\/pages\/60","targetHints":{"allow":["GET"]}}],"collection":[{"href":"https:\/\/reissingbeads.de\/index.php?rest_route=\/wp\/v2\/pages"}],"about":[{"href":"https:\/\/reissingbeads.de\/index.php?rest_route=\/wp\/v2\/types\/page"}],"author":[{"embeddable":true,"href":"https:\/\/reissingbeads.de\/index.php?rest_route=\/wp\/v2\/users\/1"}],"replies":[{"embeddable":true,"href":"https:\/\/reissingbeads.de\/index.php?rest_route=%2Fwp%2Fv2%2Fcomments&post=60"}],"version-history":[{"count":14,"href":"https:\/\/reissingbeads.de\/index.php?rest_route=\/wp\/v2\/pages\/60\/revisions"}],"predecessor-version":[{"id":417,"href":"https:\/\/reissingbeads.de\/index.php?rest_route=\/wp\/v2\/pages\/60\/revisions\/417"}],"wp:attachment":[{"href":"https:\/\/reissingbeads.de\/index.php?rest_route=%2Fwp%2Fv2%2Fmedia&parent=60"}],"curies":[{"name":"wp","href":"https:\/\/api.w.org\/{rel}","templated":true}]}}